{"id":12,"date":"2020-04-19T17:04:47","date_gmt":"2020-04-19T17:04:47","guid":{"rendered":"http:\/\/nilethemes.com\/wordpress\/maj\/?page_id=12"},"modified":"2026-01-28T17:25:32","modified_gmt":"2026-01-28T14:25:32","slug":"home-1-2","status":"publish","type":"page","link":"https:\/\/gensalimited.com.tr\/","title":{"rendered":"Anasayfa"},"content":{"rendered":"<p>[vc_row slider_content=&#8221;&#8221; css=&#8221;.vc_custom_1618304381357{padding-top: 100px !important;padding-bottom: 70px !important;background-color: #f7f7f7 !important;background-position: center !important;background-repeat: no-repeat !important;background-size: cover !important;}&#8221;][vc_column][vc_row_inner el_class=&#8221;pull-top&#8221;][vc_column_inner width=&#8221;1\/3&#8243;]\r\n\t\t<div class=\"icon-item layout-2\">\r\n\t\t\t\t<div class=\"img-in\">\r\n\t\t\t\t\t\t<img src=https:\/\/gensalimited.com.tr\/wp-content\/uploads\/2021\/04\/yatay-hava-tanklari-4.jpg alt=\"\">\r\n\t\t\t\t<\/div>\r\n\t\t\t\t<div class=\"out-in\">\r\n\t\t\t\t\t\t<div class=\"content\">\r\n\t\t\t\t\t\t\t\t<div class=\"title clearfix\"><span><img src=https:\/\/gensalimited.com.tr\/wp-content\/uploads\/2020\/05\/speaker-1.svg alt=\"\"><\/span><a href=\"\/index.php\/hava-tanki-size-nasil-tasarruf-ettirir\/\">Hava tank\u0131 size nas\u0131l tasarruf ettirir?<\/a><\/div>\r\n\t\t\t\t\t\t\t\t<div class=\"text clearfix\"> <\/div>\r\n\t\t\t\t\t\t\t\t<a href=\"\/index.php\/hava-tanki-size-nasil-tasarruf-ettirir\/\" class=\"more\"> Read More <i class=\"fa fa-arrow-right\"><\/i><\/a>\r\n\t\t\t\t\t\t<\/div>\r\n\t\t\t\t<\/div>\r\n\t\t<\/div>\r\n\t\t[\/vc_column_inner][vc_column_inner width=&#8221;1\/3&#8243;]\r\n\t\t<div class=\"icon-item layout-2\">\r\n\t\t\t\t<div class=\"img-in\">\r\n\t\t\t\t\t\t<img src=https:\/\/gensalimited.com.tr\/wp-content\/uploads\/2021\/04\/11-1.jpg alt=\"\">\r\n\t\t\t\t<\/div>\r\n\t\t\t\t<div class=\"out-in\">\r\n\t\t\t\t\t\t<div class=\"content\">\r\n\t\t\t\t\t\t\t\t<div class=\"title clearfix\"><span><img src=https:\/\/gensalimited.com.tr\/wp-content\/uploads\/2020\/05\/bag-1.svg alt=\"\"><\/span><a href=\"\/index.php\/hava-tanki-nedir\/\">Hava Tank\u0131 Nedir?<\/a><\/div>\r\n\t\t\t\t\t\t\t\t<div class=\"text clearfix\"> <\/div>\r\n\t\t\t\t\t\t\t\t<a href=\"\/index.php\/hava-tanki-nedir\/\" class=\"more\"> Read More <i class=\"fa fa-arrow-right\"><\/i><\/a>\r\n\t\t\t\t\t\t<\/div>\r\n\t\t\t\t<\/div>\r\n\t\t<\/div>\r\n\t\t[\/vc_column_inner][vc_column_inner width=&#8221;1\/3&#8243;]\r\n\t\t<div class=\"icon-item layout-2\">\r\n\t\t\t\t<div class=\"img-in\">\r\n\t\t\t\t\t\t<img src=https:\/\/gensalimited.com.tr\/wp-content\/uploads\/2021\/04\/yatay-hava-tanklari-3.jpg alt=\"\">\r\n\t\t\t\t<\/div>\r\n\t\t\t\t<div class=\"out-in\">\r\n\t\t\t\t\t\t<div class=\"content\">\r\n\t\t\t\t\t\t\t\t<div class=\"title clearfix\"><span><img src=https:\/\/gensalimited.com.tr\/wp-content\/uploads\/2020\/05\/agreement-1.svg alt=\"\"><\/span><a href=\"\/index.php\/hava-tanki-size-nasil-tasarruf-ettirir-copy\/\">Hava tanklar\u0131 nas\u0131l kullan\u0131l\u0131r ve se\u00e7ilir ?<\/a><\/div>\r\n\t\t\t\t\t\t\t\t<div class=\"text clearfix\"> <\/div>\r\n\t\t\t\t\t\t\t\t<a href=\"\/index.php\/hava-tanki-size-nasil-tasarruf-ettirir-copy\/\" class=\"more\"> Read More <i class=\"fa fa-arrow-right\"><\/i><\/a>\r\n\t\t\t\t\t\t<\/div>\r\n\t\t\t\t<\/div>\r\n\t\t<\/div>\r\n\t\t[\/vc_column_inner][\/vc_row_inner][\/vc_column][\/vc_row][vc_row slider_content=&#8221;&#8221; css=&#8221;.vc_custom_1591066362650{padding-top: 100px !important;padding-bottom: 140px !important;background: #2d5991 url(http:\/\/nilethemes.com\/wordpress\/maj\/wp-content\/uploads\/2020\/06\/map_background_portfilo_home_3.png?id=651) !important;background-position: center !important;background-repeat: no-repeat !important;background-size: cover !important;}&#8221;][vc_column width=&#8221;1\/6&#8243;][\/vc_column][vc_column width=&#8221;2\/3&#8243; css=&#8221;.vc_custom_1618303853847{padding-top: 100px !important;}&#8221;]<div style=\"margin-bottom: 60px;\" class=\"section-title   light_layout  text-center\">\r\n                    <span class=\"top\"><\/span>\r\n                            <h2>\u00dcR\u00dcNLER<\/h2>\r\n                            <p><\/p>\r\n                            <div class=\"line-effect lyout-1\"><\/div>\r\n                            <\/div>[\/vc_column][vc_column width=&#8221;1\/6&#8243;][\/vc_column][\/vc_row][vc_row row_type=&#8221;row_full_width&#8221; slider_content=&#8221;&#8221; css=&#8221;.vc_custom_1591065852927{padding-top: 0px !important;padding-bottom: 100px !important;background-color: #f6f6f6 !important;}&#8221;][vc_column][vc_row_inner][vc_column_inner css=&#8221;.vc_custom_1591062659551{margin-top: -140px !important;}&#8221;]<div class=\"portfolio-slider-1\"><div class=\"portfolio-slider owl-carousel owl-theme\">\n\n<div id=\"post-1121\" data-category=\"urunler-en , \" data-sort=\"value\">\n    <div class=\"nile-portfolio layout-2 padding-lr-15px\">\n        <div class=\"img_in\">\n            <a href=\"https:\/\/gensalimited.com.tr\/index.php\/portfolio\/fuel-and-water-tanks\/\"><img loading=\"lazy\" decoding=\"async\" width=\"500\" height=\"400\" src=\"https:\/\/gensalimited.com.tr\/wp-content\/uploads\/2020\/04\/su-tanki-500x400.jpg\" class=\"attachment-niletheme_500x400 size-niletheme_500x400 wp-post-image\" alt=\"\" \/><\/a>\n        <\/div>\n        <div class=\"portfolio-info\">\n            <a href=\"https:\/\/gensalimited.com.tr\/index.php\/portfolio\/fuel-and-water-tanks\/\" class=\"title small-in\">\n                Fuel and Water Tanks            <\/a>\n\n            <div class=\"info\">\n                <ul>\n                    <li>\n                           <a href=\"https:\/\/gensalimited.com.tr\/index.php\/portfolio_cat\/urunler-en\/\" rel=\"tag\">Products<\/a>                    <\/li>\n                <\/ul>\n            <\/div>\n\n        <\/div>\n    <\/div>\n<\/div>\n\n\n<div id=\"post-1120\" data-category=\"urunler-en , \" data-sort=\"value\">\n    <div class=\"nile-portfolio layout-2 padding-lr-15px\">\n        <div class=\"img_in\">\n            <a href=\"https:\/\/gensalimited.com.tr\/index.php\/portfolio\/lpg-tanks\/\"><img loading=\"lazy\" decoding=\"async\" width=\"500\" height=\"400\" src=\"https:\/\/gensalimited.com.tr\/wp-content\/uploads\/2020\/04\/lpg-tanklari-500x400.jpg\" class=\"attachment-niletheme_500x400 size-niletheme_500x400 wp-post-image\" alt=\"\" \/><\/a>\n        <\/div>\n        <div class=\"portfolio-info\">\n            <a href=\"https:\/\/gensalimited.com.tr\/index.php\/portfolio\/lpg-tanks\/\" class=\"title small-in\">\n                Lpg Tanks            <\/a>\n\n            <div class=\"info\">\n                <ul>\n                    <li>\n                           <a href=\"https:\/\/gensalimited.com.tr\/index.php\/portfolio_cat\/urunler-en\/\" rel=\"tag\">Products<\/a>                    <\/li>\n                <\/ul>\n            <\/div>\n\n        <\/div>\n    <\/div>\n<\/div>\n\n\n<div id=\"post-1116\" data-category=\"urunler-en , \" data-sort=\"value\">\n    <div class=\"nile-portfolio layout-2 padding-lr-15px\">\n        <div class=\"img_in\">\n            <a href=\"https:\/\/gensalimited.com.tr\/index.php\/portfolio\/horizontal-air-tanks\/\"><img loading=\"lazy\" decoding=\"async\" width=\"500\" height=\"400\" src=\"https:\/\/gensalimited.com.tr\/wp-content\/uploads\/2020\/04\/yatay-hava-tanklari-500x400.jpg\" class=\"attachment-niletheme_500x400 size-niletheme_500x400 wp-post-image\" alt=\"\" \/><\/a>\n        <\/div>\n        <div class=\"portfolio-info\">\n            <a href=\"https:\/\/gensalimited.com.tr\/index.php\/portfolio\/horizontal-air-tanks\/\" class=\"title small-in\">\n                Horizontal Air Tanks            <\/a>\n\n            <div class=\"info\">\n                <ul>\n                    <li>\n                           <a href=\"https:\/\/gensalimited.com.tr\/index.php\/portfolio_cat\/urunler-en\/\" rel=\"tag\">Products<\/a>                    <\/li>\n                <\/ul>\n            <\/div>\n\n        <\/div>\n    <\/div>\n<\/div>\n\n\n<div id=\"post-1114\" data-category=\"urunler-en , \" data-sort=\"value\">\n    <div class=\"nile-portfolio layout-2 padding-lr-15px\">\n        <div class=\"img_in\">\n            <a href=\"https:\/\/gensalimited.com.tr\/index.php\/portfolio\/vertical-air-tanks\/\"><img loading=\"lazy\" decoding=\"async\" width=\"500\" height=\"400\" src=\"https:\/\/gensalimited.com.tr\/wp-content\/uploads\/2020\/04\/dikey-hava-tanklari-500x400.jpg\" class=\"attachment-niletheme_500x400 size-niletheme_500x400 wp-post-image\" alt=\"\" \/><\/a>\n        <\/div>\n        <div class=\"portfolio-info\">\n            <a href=\"https:\/\/gensalimited.com.tr\/index.php\/portfolio\/vertical-air-tanks\/\" class=\"title small-in\">\n                Vertical Air Tanks            <\/a>\n\n            <div class=\"info\">\n                <ul>\n                    <li>\n                           <a href=\"https:\/\/gensalimited.com.tr\/index.php\/portfolio_cat\/urunler-en\/\" rel=\"tag\">Products<\/a>                    <\/li>\n                <\/ul>\n            <\/div>\n\n        <\/div>\n    <\/div>\n<\/div>\n\n\n<div id=\"post-312\" data-category=\"urunler , \" data-sort=\"value\">\n    <div class=\"nile-portfolio layout-2 padding-lr-15px\">\n        <div class=\"img_in\">\n            <a href=\"https:\/\/gensalimited.com.tr\/index.php\/portfolio\/akaryakit-ve-su-tanklari\/\"><img loading=\"lazy\" decoding=\"async\" width=\"500\" height=\"400\" src=\"https:\/\/gensalimited.com.tr\/wp-content\/uploads\/2020\/04\/su-tanki-500x400.jpg\" class=\"attachment-niletheme_500x400 size-niletheme_500x400 wp-post-image\" alt=\"\" \/><\/a>\n        <\/div>\n        <div class=\"portfolio-info\">\n            <a href=\"https:\/\/gensalimited.com.tr\/index.php\/portfolio\/akaryakit-ve-su-tanklari\/\" class=\"title small-in\">\n                Akaryak\u0131t ve Su Tanklar\u0131            <\/a>\n\n            <div class=\"info\">\n                <ul>\n                    <li>\n                           <a href=\"https:\/\/gensalimited.com.tr\/index.php\/portfolio_cat\/urunler\/\" rel=\"tag\">\u00dcr\u00fcnler<\/a>                    <\/li>\n                <\/ul>\n            <\/div>\n\n        <\/div>\n    <\/div>\n<\/div>\n<\/div><\/div>[\/vc_column_inner][\/vc_row_inner][\/vc_column][\/vc_row][vc_row slider_content=&#8221;&#8221; css=&#8221;.vc_custom_1590806247514{padding-top: 70px !important;padding-bottom: 70px !important;background-color: #f7f7f7 !important;}&#8221;][vc_column][vc_row_inner content_placement=&#8221;middle&#8221; css=&#8221;.vc_custom_1618228974629{padding-top: 10px !important;padding-bottom: 10px !important;border-radius: 5px !important;}&#8221;][vc_column_inner width=&#8221;1\/2&#8243;][vc_single_image image=&#8221;192&#8243; img_size=&#8221;full&#8221; css=&#8221;.vc_custom_1618229754914{border-radius: 5px !important;}&#8221;][\/vc_column_inner][vc_column_inner width=&#8221;1\/2&#8243; css=&#8221;.vc_custom_1590807460822{padding-bottom: 40px !important;padding-left: 60px !important;}&#8221;]<div class=\"font-border\"><span class=\"border-in\">Kurumsal<\/span><\/div><div style=\"margin-bottom: 0px;\" class=\"section-title   default_layout  text-left\">\r\n                    <span class=\"top\">Gensa Bas\u0131n\u00e7 Tanklar\u0131<\/span>\r\n                            <h2>Hakk\u0131m\u0131zda<\/h2>\r\n                            <p><\/p>\r\n                            <div class=\"line-effect lyout-1\"><\/div>\r\n                            <\/div><p   style=\"font-size: 17px; font-weight: 300; letter-spacing: 0; line-height: 33px; text-align: left; color: #000000;\" class=\" vc_custom_1618229210039\">1985 y\u0131l\u0131nda Ankara Ostim'de ilk imalat\u0131na ba\u015flayan GENSA BASIN\u00c7 TANKLARI, ilk g\u00fcn\u00fcnden beri, sekt\u00f6r\u00fcn ihtiyac\u0131 olan end\u00fcstriyel bas\u0131n\u00e7l\u0131 ekipmanlar\u0131 kaliteli ve \u00f6zenle yapmaya devam etmektedir.<\/p><div class=\"text-left\"><a class=\" nile-bottom layout-2\" href=\"#\" role=\"button\">Hakk\u0131m\u0131zda<\/a><\/div>[\/vc_column_inner][\/vc_row_inner][\/vc_column][\/vc_row][vc_row slider_content=&#8221;&#8221; css=&#8221;.vc_custom_1590806038249{padding-top: 100px !important;padding-bottom: 70px !important;background-color: #2d5991 !important;}&#8221;][vc_column][vc_row_inner][vc_column_inner width=&#8221;1\/2&#8243;]<h2   style=\"font-size: 42px; font-weight: 500; letter-spacing: -1px; line-height: 55px; text-align: left; color: #ffffff;\" class=\" vc_custom_1618232753319\">Gensa Bas\u0131n\u00e7<br \/>\nTanklar\u0131'na Ho\u015fgeldiniz.<\/h2>[\/vc_column_inner][vc_column_inner width=&#8221;1\/2&#8243;]<div   style=\"font-size: 20px; font-weight: 300; letter-spacing: 0px; line-height: 32px; text-align: left; color: #a6bbd8;\" class=\"\">Gensa Bas\u0131n\u00e7 Tanklar\u0131 olarak m\u00fc\u015fterilerimizin ihtiya\u00e7lar\u0131n\u0131 kar\u015f\u0131lamak ad\u0131na, her ge\u00e7en g\u00fcn geni\u015fleyen \u00fcr\u00fcn yelpazemizle kaliteden \u00f6d\u00fcn vermeden \u00e7al\u0131\u015fmalar\u0131m\u0131z\u0131 s\u00fcrd\u00fcrmekteyiz.<\/div>[\/vc_column_inner][\/vc_row_inner][\/vc_column][\/vc_row][vc_row slider_content=&#8221;&#8221; css=&#8221;.vc_custom_1588296035331{padding-top: 100px !important;padding-bottom: 70px !important;background-color: #f7f7f7 !important;background-position: center !important;background-repeat: no-repeat !important;background-size: cover !important;}&#8221;][vc_column][vc_row_inner el_class=&#8221;pull-top&#8221;][vc_column_inner width=&#8221;1\/3&#8243;]\r\n\t\t<div class=\"icon-item layout-2\">\r\n\t\t\t\t<div class=\"img-in\">\r\n\t\t\t\t\t\t<img src=https:\/\/gensalimited.com.tr\/wp-content\/uploads\/2021\/04\/dikey-3-500x300.jpg alt=\"\">\r\n\t\t\t\t<\/div>\r\n\t\t\t\t<div class=\"out-in\">\r\n\t\t\t\t\t\t<div class=\"content\">\r\n\t\t\t\t\t\t\t\t<div class=\"title clearfix\"><span><img src=https:\/\/gensalimited.com.tr\/wp-content\/uploads\/2020\/05\/speaker-1.svg alt=\"\"><\/span><a href=\"\/index.php\/hava-tanklarinin-boyutlandirilmasi-nasil-yapilir\/\">Hava tanklar\u0131n\u0131n boyutland\u0131r\u0131lmas\u0131 nas\u0131l yap\u0131l\u0131r?<\/a><\/div>\r\n\t\t\t\t\t\t\t\t<div class=\"text clearfix\"> <\/div>\r\n\t\t\t\t\t\t\t\t<a href=\"\/index.php\/hava-tanklarinin-boyutlandirilmasi-nasil-yapilir\/\" class=\"more\"> Read More <i class=\"fa fa-arrow-right\"><\/i><\/a>\r\n\t\t\t\t\t\t<\/div>\r\n\t\t\t\t<\/div>\r\n\t\t<\/div>\r\n\t\t[\/vc_column_inner][vc_column_inner width=&#8221;1\/3&#8243;]\r\n\t\t<div class=\"icon-item layout-2\">\r\n\t\t\t\t<div class=\"img-in\">\r\n\t\t\t\t\t\t<img src=https:\/\/gensalimited.com.tr\/wp-content\/uploads\/2021\/04\/dikey-2.jpg alt=\"\">\r\n\t\t\t\t<\/div>\r\n\t\t\t\t<div class=\"out-in\">\r\n\t\t\t\t\t\t<div class=\"content\">\r\n\t\t\t\t\t\t\t\t<div class=\"title clearfix\"><span><img src=https:\/\/gensalimited.com.tr\/wp-content\/uploads\/2020\/05\/speaker-1.svg alt=\"\"><\/span><a href=\"\/index.php\/hava-tanklari-ne-siklikla-degistirilmelidir\/\">Hava tanklar\u0131 ne s\u0131kl\u0131kla de\u011fi\u015ftirilmelidir?<\/a><\/div>\r\n\t\t\t\t\t\t\t\t<div class=\"text clearfix\"> <\/div>\r\n\t\t\t\t\t\t\t\t<a href=\"\/index.php\/hava-tanklari-ne-siklikla-degistirilmelidir\/\" class=\"more\"> Read More <i class=\"fa fa-arrow-right\"><\/i><\/a>\r\n\t\t\t\t\t\t<\/div>\r\n\t\t\t\t<\/div>\r\n\t\t<\/div>\r\n\t\t[\/vc_column_inner][vc_column_inner width=&#8221;1\/3&#8243;]\r\n\t\t<div class=\"icon-item layout-2\">\r\n\t\t\t\t<div class=\"img-in\">\r\n\t\t\t\t\t\t<img src=https:\/\/gensalimited.com.tr\/wp-content\/uploads\/2021\/04\/dikey-1.jpg alt=\"\">\r\n\t\t\t\t<\/div>\r\n\t\t\t\t<div class=\"out-in\">\r\n\t\t\t\t\t\t<div class=\"content\">\r\n\t\t\t\t\t\t\t\t<div class=\"title clearfix\"><span><img src=https:\/\/gensalimited.com.tr\/wp-content\/uploads\/2020\/05\/agreement-1.svg alt=\"\"><\/span><a href=\"\/index.php\/hava-tanklari-icin-gerekli-aksesuarlar-nelerdir\/\">Hava tanklar\u0131 i\u00e7in gerekli aksesuarlar nelerdir?<\/a><\/div>\r\n\t\t\t\t\t\t\t\t<div class=\"text clearfix\"> <\/div>\r\n\t\t\t\t\t\t\t\t<a href=\"\/index.php\/hava-tanklari-icin-gerekli-aksesuarlar-nelerdir\/\" class=\"more\"> Read More <i class=\"fa fa-arrow-right\"><\/i><\/a>\r\n\t\t\t\t\t\t<\/div>\r\n\t\t\t\t<\/div>\r\n\t\t<\/div>\r\n\t\t[\/vc_column_inner][\/vc_row_inner][\/vc_column][\/vc_row][vc_row][vc_column][vc_column_text]<\/p>\n<p style=\"text-align: center;\">[COUNTER_NUMBER id=1267]<\/p>\n<p>[\/vc_column_text][\/vc_column][\/vc_row]<\/p>\n","protected":false},"excerpt":{"rendered":"<p>[vc_row slider_content=&#8221;&#8221; css=&#8221;.vc_custom_1618304381357{padding-top: 100px !important;padding-bottom: 70px !important;background-color: #f7f7f7 !important;background-position: center !important;background-repeat: no-repeat !important;background-size: cover !important;}&#8221;][vc_column][vc_row_inner el_class=&#8221;pull-top&#8221;][vc_column_inner width=&#8221;1\/3&#8243;][\/vc_column_inner][vc_column_inner width=&#8221;1\/3&#8243;][\/vc_column_inner][vc_column_inner width=&#8221;1\/3&#8243;][\/vc_column_inner][\/vc_row_inner][\/vc_column][\/vc_row][vc_row slider_content=&#8221;&#8221; css=&#8221;.vc_custom_1591066362650{padding-top: 100px !important;padding-bottom: 140px !important;background: #2d5991 url(http:\/\/nilethemes.com\/wordpress\/maj\/wp-content\/uploads\/2020\/06\/map_background_portfilo_home_3.png?id=651) !important;background-position: center !important;background-repeat: no-repeat !important;background-size:&#8230;<\/p>\n","protected":false},"author":1,"featured_media":0,"parent":0,"menu_order":0,"comment_status":"closed","ping_status":"closed","template":"page-templates\/home-page.php","meta":{"inline_featured_image":false,"footnotes":""},"class_list":["post-12","page","type-page","status-publish","hentry"],"_links":{"self":[{"href":"https:\/\/gensalimited.com.tr\/index.php\/wp-json\/wp\/v2\/pages\/12","targetHints":{"allow":["GET"]}}],"collection":[{"href":"https:\/\/gensalimited.com.tr\/index.php\/wp-json\/wp\/v2\/pages"}],"about":[{"href":"https:\/\/gensalimited.com.tr\/index.php\/wp-json\/wp\/v2\/types\/page"}],"author":[{"embeddable":true,"href":"https:\/\/gensalimited.com.tr\/index.php\/wp-json\/wp\/v2\/users\/1"}],"replies":[{"embeddable":true,"href":"https:\/\/gensalimited.com.tr\/index.php\/wp-json\/wp\/v2\/comments?post=12"}],"version-history":[{"count":87,"href":"https:\/\/gensalimited.com.tr\/index.php\/wp-json\/wp\/v2\/pages\/12\/revisions"}],"predecessor-version":[{"id":1293,"href":"https:\/\/gensalimited.com.tr\/index.php\/wp-json\/wp\/v2\/pages\/12\/revisions\/1293"}],"wp:attachment":[{"href":"https:\/\/gensalimited.com.tr\/index.php\/wp-json\/wp\/v2\/media?parent=12"}],"curies":[{"name":"wp","href":"https:\/\/api.w.org\/{rel}","templated":true}]}}